{"id":8088,"date":"2022-10-18T09:18:30","date_gmt":"2022-10-18T09:18:30","guid":{"rendered":"http:\/\/apartments-innsbruck.com\/?page_id=8088"},"modified":"2024-01-31T09:20:52","modified_gmt":"2024-01-31T09:20:52","slug":"impressum","status":"publish","type":"page","link":"https:\/\/apartments-innsbruck.com\/en\/impressum\/","title":{"rendered":"Impressum"},"content":{"rendered":"\t\t<div data-elementor-type=\"wp-page\" data-elementor-id=\"8088\" class=\"elementor elementor-8088\" data-elementor-post-type=\"page\">\n\t\t\t\t\t\t<section class=\"elementor-section elementor-top-section elementor-element elementor-element-36b5d83 elementor-section-boxed elementor-section-height-default elementor-section-height-default mkdf-parallax-row-no mkdf-content-aligment-left mkdf-row-grid-no\" data-id=\"36b5d83\" data-element_type=\"section\" data-e-type=\"section\">\n\t\t\t\t\t\t<div class=\"elementor-container elementor-column-gap-default\">\n\t\t\t\t\t<div class=\"elementor-column elementor-col-100 elementor-top-column elementor-element elementor-element-c820a9c\" data-id=\"c820a9c\" data-element_type=\"column\" data-e-type=\"column\">\n\t\t\t<div class=\"elementor-widget-wrap\">\n\t\t\t\t\t\t\t<\/div>\n\t\t<\/div>\n\t\t\t\t\t<\/div>\n\t\t<\/section>\n\t\t\t\t<section class=\"elementor-section elementor-top-section elementor-element elementor-element-84b90d9 elementor-section-content-space-around elementor-section-stretched elementor-section-boxed elementor-section-height-default elementor-section-height-default mkdf-parallax-row-no mkdf-content-aligment-left mkdf-row-grid-no\" data-id=\"84b90d9\" data-element_type=\"section\" data-e-type=\"section\" data-settings=\"{&quot;background_background&quot;:&quot;slideshow&quot;,&quot;background_slideshow_gallery&quot;:[{&quot;id&quot;:7596,&quot;url&quot;:&quot;http:\\\/\\\/apartments-innsbruck.com\\\/wp-content\\\/uploads\\\/2022\\\/10\\\/Andreas-Hofer-Strasse_Innsbruck_Winter09.jpg&quot;}],&quot;background_slideshow_slide_duration&quot;:6000,&quot;background_slideshow_transition_duration&quot;:2500,&quot;background_slideshow_ken_burns&quot;:&quot;yes&quot;,&quot;stretch_section&quot;:&quot;section-stretched&quot;,&quot;background_slideshow_loop&quot;:&quot;yes&quot;,&quot;background_slideshow_slide_transition&quot;:&quot;fade&quot;,&quot;background_slideshow_ken_burns_zoom_direction&quot;:&quot;in&quot;}\">\n\t\t\t\t\t\t\t<div class=\"elementor-background-overlay\"><\/div>\n\t\t\t\t\t\t\t<div class=\"elementor-container elementor-column-gap-default\">\n\t\t\t\t\t<div class=\"elementor-column elementor-col-100 elementor-top-column elementor-element elementor-element-82deb1d\" data-id=\"82deb1d\" data-element_type=\"column\" data-e-type=\"column\">\n\t\t\t<div class=\"elementor-widget-wrap elementor-element-populated\">\n\t\t\t\t\t\t<div class=\"elementor-element elementor-element-09b0881 elementor-widget elementor-widget-spacer\" data-id=\"09b0881\" data-element_type=\"widget\" data-e-type=\"widget\" data-widget_type=\"spacer.default\">\n\t\t\t\t<div class=\"elementor-widget-container\">\n\t\t\t\t\t\t\t<div class=\"elementor-spacer\">\n\t\t\t<div class=\"elementor-spacer-inner\"><\/div>\n\t\t<\/div>\n\t\t\t\t\t\t<\/div>\n\t\t\t\t<\/div>\n\t\t\t\t<div class=\"elementor-element elementor-element-4fc9cd8 elementor-widget elementor-widget-spacer\" data-id=\"4fc9cd8\" data-element_type=\"widget\" data-e-type=\"widget\" data-widget_type=\"spacer.default\">\n\t\t\t\t<div class=\"elementor-widget-container\">\n\t\t\t\t\t\t\t<div class=\"elementor-spacer\">\n\t\t\t<div class=\"elementor-spacer-inner\"><\/div>\n\t\t<\/div>\n\t\t\t\t\t\t<\/div>\n\t\t\t\t<\/div>\n\t\t\t\t<div class=\"elementor-element elementor-element-acdc37d elementor-widget elementor-widget-heading\" data-id=\"acdc37d\" data-element_type=\"widget\" data-e-type=\"widget\" data-widget_type=\"heading.default\">\n\t\t\t\t<div class=\"elementor-widget-container\">\n\t\t\t\t\t<h1 class=\"elementor-heading-title elementor-size-default\">Impressum<\/h1>\t\t\t\t<\/div>\n\t\t\t\t<\/div>\n\t\t\t\t<div class=\"elementor-element elementor-element-917412e elementor-widget elementor-widget-spacer\" data-id=\"917412e\" data-element_type=\"widget\" data-e-type=\"widget\" data-widget_type=\"spacer.default\">\n\t\t\t\t<div class=\"elementor-widget-container\">\n\t\t\t\t\t\t\t<div class=\"elementor-spacer\">\n\t\t\t<div class=\"elementor-spacer-inner\"><\/div>\n\t\t<\/div>\n\t\t\t\t\t\t<\/div>\n\t\t\t\t<\/div>\n\t\t\t\t\t<\/div>\n\t\t<\/div>\n\t\t\t\t\t<\/div>\n\t\t<\/section>\n\t\t\t\t<section class=\"elementor-section elementor-top-section elementor-element elementor-element-a9aa7da elementor-section-boxed elementor-section-height-default elementor-section-height-default mkdf-parallax-row-no mkdf-content-aligment-left mkdf-row-grid-no\" data-id=\"a9aa7da\" data-element_type=\"section\" data-e-type=\"section\">\n\t\t\t\t\t\t<div class=\"elementor-container elementor-column-gap-default\">\n\t\t\t\t\t<div class=\"elementor-column elementor-col-100 elementor-top-column elementor-element elementor-element-163d881\" data-id=\"163d881\" data-element_type=\"column\" data-e-type=\"column\">\n\t\t\t<div class=\"elementor-widget-wrap elementor-element-populated\">\n\t\t\t\t\t\t<div class=\"elementor-element elementor-element-152fc55 elementor-widget elementor-widget-spacer\" data-id=\"152fc55\" data-element_type=\"widget\" data-e-type=\"widget\" data-widget_type=\"spacer.default\">\n\t\t\t\t<div class=\"elementor-widget-container\">\n\t\t\t\t\t\t\t<div class=\"elementor-spacer\">\n\t\t\t<div class=\"elementor-spacer-inner\"><\/div>\n\t\t<\/div>\n\t\t\t\t\t\t<\/div>\n\t\t\t\t<\/div>\n\t\t\t\t<div class=\"elementor-element elementor-element-a884595 elementor-widget elementor-widget-text-editor\" data-id=\"a884595\" data-element_type=\"widget\" data-e-type=\"widget\" data-widget_type=\"text-editor.default\">\n\t\t\t\t<div class=\"elementor-widget-container\">\n\t\t\t\t\t\t\t\t\t<p><span style=\"color: var( --e-global-color-primary ); font-family: Lato, sans-serif; font-size: 25px; font-weight: bold; letter-spacing: 0.2em; text-transform: uppercase;\">Verantwortlich f\u00fcr den Inhalt dieser Webseite<\/span><\/p><p>Apartments im Herzen von Innsbruck<\/p><p>Mag. Kaspar-Lukas Strolz<br \/>Gesch\u00e4ftsf\u00fchrung<br \/>M\u00fcnchnerstra\u00dfe 15<br \/>6130 Schwaz<br \/>Tirol, \u00d6sterreich<br \/>Tel. +43 676 7007053<br \/><a href=\"mailto:info@apartments-innsbruck.com\">info@apartments-innsbruck.com<\/a><br \/><u><a href=\"http:\/\/www.apartments-innsbruck.com\">www.apartments-innsbruck.com<\/a><\/u><\/p><p>UID: ATU72640608<br \/>Firmenbuch Nummer: <strong>FN 516356y<br \/><\/strong>Aufsichtsbeh\u00f6rde: Landesgericht Innsbruck<\/p><p>\u00a0<\/p><h4>Plattform zur Online-Streitbeilegung der Europ\u00e4ischen Kommission<\/h4><p><a href=\"http:\/\/ec.europa.eu\/consumers\/odr\/\">http:\/\/ec.europa.eu\/consumers\/odr\/<\/a><\/p><p>\u00a0<\/p><h4>Quellennachweise Fotos<\/h4><p><a href=\"https:\/\/www.innsbruckphoto.at\" target=\"_blank\" rel=\"noopener noreferrer\">Innsbruck Photo<\/a><\/p><p><a href=\"https:\/\/www.iconfinder.com\/families\/solid-icons-7\">Solid Icons by PINPOINT.WORLD<\/a><br \/><a href=\"https:\/\/www.iconfinder.com\/iconsets\/doing-housework-part-1\">Doing housework part.1 by Fazrian Zahrawani<\/a><\/p><p><a href=\"https:\/\/www.freepik.com\/free-photos-vectors\/business\">Business vector created by freepik &#8211; www.freepik.com<\/a><br \/><a href=\"https:\/\/www.freepik.com\/free-photos-vectors\/design\">Design vector created by freepik &#8211; www.freepik.com<\/a><br \/><a href=\"https:\/\/www.freepik.com\/free-photos-vectors\/coffee\">Coffee vector created by freepik &#8211; www.freepik.com<\/a><br \/><a href=\"https:\/\/www.freepik.com\/free-photos-vectors\/frame\">Frame vector created by ibrandify &#8211; www.freepik.com<\/a><br \/><a href=\"https:\/\/www.freepik.com\/free-photos-vectors\/icons\">Icons vector created by freepik &#8211; www.freepik.com<\/a><\/p><p><a href=\"https:\/\/unsplash.com\/\">UNSPLASH<\/a><\/p><p>\u00a0<\/p><p>\u00a0<\/p><h4>Haftungsausschluss<\/h4><p><strong>Inhalt des Onlineangebotes<\/strong><br \/>Der Autor \u00fcbernimmt keinerlei Gew\u00e4hr f\u00fcr die Aktualit\u00e4t, Korrektheit, Vollst\u00e4ndigkeit oder Qualit\u00e4t der bereitgestellten Informationen. Haftungsanspr\u00fcche gegen den Autor, welche sich auf Sch\u00e4den materieller oder ideeller Art beziehen, die durch die Nutzung oder Nichtnutzung der dargebotenen Informationen bzw. durch die Nutzung fehlerhafter und unvollst\u00e4ndiger Informationen verursacht wurden, sind grunds\u00e4tzlich ausgeschlossen, sofern seitens des Autors kein nachweislich vors\u00e4tzliches oder grob fahrl\u00e4ssiges Verschulden vorliegt.<br \/>Alle Angebote sind freibleibend und unverbindlich. Der Autor beh\u00e4lt es sich ausdr\u00fccklich vor, Teile der Seiten oder das gesamte Angebot ohne gesonderte Ank\u00fcndigung zu ver\u00e4ndern, zu erg\u00e4nzen, zu l\u00f6schen oder die Ver\u00f6ffentlichung zeitweise oder endg\u00fcltig einzustellen.<\/p><p><strong>Verweise und Links<\/strong><br \/>Bei direkten oder indirekten Verweisen auf fremde Webseiten (Hyperlinks), die au\u00dferhalb des Verantwortungsbereiches des Autors liegen, w\u00fcrde eine Haftungsverpflichtung ausschlie\u00dflich in dem Fall in Kraft treten, in dem der Autor von den Inhalten Kenntnis hat und es ihm technisch m\u00f6glich und zumutbar w\u00e4re, die Nutzung im Falle rechtswidriger Inhalte zu verhindern.<br \/>Der Autor erkl\u00e4rt hiermit ausdr\u00fccklich, dass zum Zeitpunkt der Linksetzung keine illegalen Inhalte auf den zu verlinkenden Seiten erkennbar waren. Auf die aktuelle und zuk\u00fcnftige Gestaltung, die Inhalte oder die Urheberschaft der verlinkten\/verkn\u00fcpften Seiten hat der Autor keinerlei Einfluss. Deshalb distanziert er sich hiermit ausdr\u00fccklich von allen Inhalten aller verlinkten \/verkn\u00fcpften Seiten, die nach der Linksetzung ver\u00e4ndert wurden. Diese Feststellung gilt f\u00fcr alle innerhalb des eigenen Internetangebotes gesetzten Links und Verweise sowie f\u00fcr Fremdeintr\u00e4ge in vom Autor eingerichteten G\u00e4steb\u00fcchern, Diskussionsforen, Linkverzeichnissen, Mailinglisten und in allen anderen Formen von Datenbanken, auf deren Inhalt externe Schreibzugriffe m\u00f6glich sind. F\u00fcr illegale, fehlerhafte oder unvollst\u00e4ndige Inhalte und insbesondere f\u00fcr Sch\u00e4den, die aus der Nutzung oder Nichtnutzung solcherart dargebotener Informationen entstehen, haftet allein der Anbieter der Seite, auf welche verwiesen wurde, nicht derjenige, der \u00fcber Links auf die jeweilige Ver\u00f6ffentlichung lediglich verweist.<\/p><p><strong>Urheber- und Kennzeichenrecht<\/strong><br \/>Der Autor ist bestrebt, in allen Publikationen die Urheberrechte der verwendeten Grafiken, Tondokumente, Videosequenzen und Texte zu beachten, von ihm selbst erstellte Grafiken, Tondokumente, Videosequenzen und Texte zu nutzen oder auf lizenzfreie Grafiken, Tondokumente, Videosequenzen und Texte zur\u00fcckzugreifen.<br \/>Alle innerhalb des Internetangebotes genannten und ggf. durch Dritte gesch\u00fctzten Marken- und Warenzeichen unterliegen uneingeschr\u00e4nkt den Bestimmungen des jeweils g\u00fcltigen Kennzeichenrechts und den Besitzrechten der jeweiligen eingetragenen Eigent\u00fcmer. Allein aufgrund der blo\u00dfen Nennung ist nicht der Schluss zu ziehen, dass Markenzeichen nicht durch Rechte Dritter gesch\u00fctzt sind!<br \/>Das Copyright f\u00fcr ver\u00f6ffentlichte, vom Autor selbst erstellte Objekte bleibt allein beim Autor der Seiten. Eine Vervielf\u00e4ltigung oder Verwendung solcher Grafiken, Tondokumente, Videosequenzen und Texte in anderen elektronischen oder gedruckten Publikationen ist ohne ausdr\u00fcckliche Zustimmung des Autors nicht gestattet.<\/p><p><strong>Rechtswirksamkeit dieses Haftungsausschlusses<\/strong><br \/>Dieser Haftungsausschluss ist als Teil des Internetangebotes zu betrachten, von dem aus auf diese Seite verwiesen wurde. Sofern Teile oder einzelne Formulierungen dieses Textes der geltenden Rechtslage nicht, nicht mehr oder nicht vollst\u00e4ndig entsprechen sollten, bleiben die \u00fcbrigen Teile des Dokumentes in ihrem Inhalt und ihrer G\u00fcltigkeit davon unber\u00fchrt.<\/p>\t\t\t\t\t\t\t\t<\/div>\n\t\t\t\t<\/div>\n\t\t\t\t<div class=\"elementor-element elementor-element-3641700 elementor-widget elementor-widget-spacer\" data-id=\"3641700\" data-element_type=\"widget\" data-e-type=\"widget\" data-widget_type=\"spacer.default\">\n\t\t\t\t<div class=\"elementor-widget-container\">\n\t\t\t\t\t\t\t<div class=\"elementor-spacer\">\n\t\t\t<div class=\"elementor-spacer-inner\"><\/div>\n\t\t<\/div>\n\t\t\t\t\t\t<\/div>\n\t\t\t\t<\/div>\n\t\t\t\t\t<\/div>\n\t\t<\/div>\n\t\t\t\t\t<\/div>\n\t\t<\/section>\n\t\t\t\t<section class=\"elementor-section elementor-top-section elementor-element elementor-element-6cfd4ed elementor-section-boxed elementor-section-height-default elementor-section-height-default mkdf-parallax-row-no mkdf-content-aligment-left mkdf-row-grid-no\" data-id=\"6cfd4ed\" data-element_type=\"section\" data-e-type=\"section\" data-settings=\"{&quot;background_background&quot;:&quot;classic&quot;}\">\n\t\t\t\t\t\t<div class=\"elementor-container elementor-column-gap-default\">\n\t\t\t\t\t<div class=\"elementor-column elementor-col-100 elementor-top-column elementor-element elementor-element-b3feaa5\" data-id=\"b3feaa5\" data-element_type=\"column\" data-e-type=\"column\">\n\t\t\t<div class=\"elementor-widget-wrap elementor-element-populated\">\n\t\t\t\t\t\t<div class=\"elementor-element elementor-element-de3c5c0 elementor-widget elementor-widget-spacer\" data-id=\"de3c5c0\" data-element_type=\"widget\" data-e-type=\"widget\" data-widget_type=\"spacer.default\">\n\t\t\t\t<div class=\"elementor-widget-container\">\n\t\t\t\t\t\t\t<div class=\"elementor-spacer\">\n\t\t\t<div class=\"elementor-spacer-inner\"><\/div>\n\t\t<\/div>\n\t\t\t\t\t\t<\/div>\n\t\t\t\t<\/div>\n\t\t\t\t<section class=\"elementor-section elementor-inner-section elementor-element elementor-element-4524905 elementor-section-boxed elementor-section-height-default elementor-section-height-default mkdf-parallax-row-no mkdf-content-aligment-left mkdf-row-grid-no\" data-id=\"4524905\" data-element_type=\"section\" data-e-type=\"section\">\n\t\t\t\t\t\t<div class=\"elementor-container elementor-column-gap-default\">\n\t\t\t\t\t<div class=\"elementor-column elementor-col-50 elementor-inner-column elementor-element elementor-element-57ea679\" data-id=\"57ea679\" data-element_type=\"column\" data-e-type=\"column\">\n\t\t\t<div class=\"elementor-widget-wrap elementor-element-populated\">\n\t\t\t\t\t\t<div class=\"elementor-element elementor-element-26eeaa6 elementor-widget elementor-widget-heading\" data-id=\"26eeaa6\" data-element_type=\"widget\" data-e-type=\"widget\" data-widget_type=\"heading.default\">\n\t\t\t\t<div class=\"elementor-widget-container\">\n\t\t\t\t\t<span class=\"elementor-heading-title elementor-size-default\"><h4 data-elementor-setting-key=\"title\" data-pen-placeholder=\"Eingabe hier...\" style=\"text-align: left\"><\/h4><b><font color=\"#e4bb7d\" face=\"Lato, sans-serif\"><span style=\"font-size: 25px;letter-spacing: 5px;text-transform: uppercase\">Adresse &amp; Kontakt<\/span><\/font><\/b><br>Innstra\u00dfe 40, 6020 Innsbruck, \u00d6sterreich<br><span>Tel. +43 676 3719750<\/span><br><span>booking@3sd.at<\/span><br>\n<\/span>\t\t\t\t<\/div>\n\t\t\t\t<\/div>\n\t\t\t\t\t<\/div>\n\t\t<\/div>\n\t\t\t\t<div class=\"elementor-column elementor-col-50 elementor-inner-column elementor-element elementor-element-64e50c2\" data-id=\"64e50c2\" data-element_type=\"column\" data-e-type=\"column\">\n\t\t\t<div class=\"elementor-widget-wrap elementor-element-populated\">\n\t\t\t\t\t\t<div class=\"elementor-element elementor-element-01985c8 elementor-widget elementor-widget-heading\" data-id=\"01985c8\" data-element_type=\"widget\" data-e-type=\"widget\" data-widget_type=\"heading.default\">\n\t\t\t\t<div class=\"elementor-widget-container\">\n\t\t\t\t\t<span class=\"elementor-heading-title elementor-size-default\"><h4 data-elementor-setting-key=\"title\" data-pen-placeholder=\"Eingabe hier...\" style=\"text-align: left\"><\/h4><b><font color=\"#e4bb7d\" face=\"Lato, sans-serif\"><span style=\"font-size: 25px;letter-spacing: 5px;text-transform: uppercase\">Innsbruck card<\/span><\/font><\/b><br>24 Stunden: \u20ac 43,00 \/ \u20ac 21,50*<br>48 Stunden: \u20ac 50,00 \/ \u20ac 25,00*\n<br>72 Stunden: \u20ac 59,00 \/ \u20ac 29,50*<br><br>*Kinder 6-15 Jahre\n<\/span>\t\t\t\t<\/div>\n\t\t\t\t<\/div>\n\t\t\t\t\t<\/div>\n\t\t<\/div>\n\t\t\t\t\t<\/div>\n\t\t<\/section>\n\t\t\t\t<div class=\"elementor-element elementor-element-a6810f8 elementor-widget elementor-widget-spacer\" data-id=\"a6810f8\" data-element_type=\"widget\" data-e-type=\"widget\" data-widget_type=\"spacer.default\">\n\t\t\t\t<div class=\"elementor-widget-container\">\n\t\t\t\t\t\t\t<div class=\"elementor-spacer\">\n\t\t\t<div class=\"elementor-spacer-inner\"><\/div>\n\t\t<\/div>\n\t\t\t\t\t\t<\/div>\n\t\t\t\t<\/div>\n\t\t\t\t\t<\/div>\n\t\t<\/div>\n\t\t\t\t\t<\/div>\n\t\t<\/section>\n\t\t\t\t<section class=\"elementor-section elementor-top-section elementor-element elementor-element-d56f816 elementor-section-boxed elementor-section-height-default elementor-section-height-default mkdf-parallax-row-no mkdf-content-aligment-left mkdf-row-grid-no\" data-id=\"d56f816\" data-element_type=\"section\" data-e-type=\"section\" data-settings=\"{&quot;background_background&quot;:&quot;classic&quot;}\">\n\t\t\t\t\t\t<div class=\"elementor-container elementor-column-gap-default\">\n\t\t\t\t\t<div class=\"elementor-column elementor-col-100 elementor-top-column elementor-element elementor-element-a74f571\" data-id=\"a74f571\" data-element_type=\"column\" data-e-type=\"column\">\n\t\t\t<div class=\"elementor-widget-wrap elementor-element-populated\">\n\t\t\t\t\t\t<div class=\"elementor-element elementor-element-e9b6453 elementor-widget elementor-widget-text-editor\" data-id=\"e9b6453\" data-element_type=\"widget\" data-e-type=\"widget\" data-widget_type=\"text-editor.default\">\n\t\t\t\t<div class=\"elementor-widget-container\">\n\t\t\t\t\t\t\t\t\t<p><a href=\"http:\/\/apartments-innsbruck.com\/agb\/\">AGB<\/a> \u2022 <a href=\"http:\/\/apartments-innsbruck.com\/datenschutz\/\">DSGVO<\/a> \u2022 <a href=\"http:\/\/apartments-innsbruck.com\/impressum\/\">Impressum<\/a><\/p>\t\t\t\t\t\t\t\t<\/div>\n\t\t\t\t<\/div>\n\t\t\t\t\t<\/div>\n\t\t<\/div>\n\t\t\t\t\t<\/div>\n\t\t<\/section>\n\t\t\t\t<\/div>\n\t\t","protected":false},"excerpt":{"rendered":"<p>Impressum Verantwortlich f\u00fcr den Inhalt dieser Webseite Apartments im Herzen von Innsbruck Mag. Kaspar-Lukas StrolzGesch\u00e4ftsf\u00fchrungM\u00fcnchnerstra\u00dfe 156130 SchwazTirol, \u00d6sterreichTel. +43 676 7007053info@apartments-innsbruck.comwww.apartments-innsbruck.com UID: ATU72640608Firmenbuch Nummer: FN 516356yAufsichtsbeh\u00f6rde: Landesgericht Innsbruck \u00a0 Plattform zur Online-Streitbeilegung der Europ\u00e4ischen Kommission http:\/\/ec.europa.eu\/consumers\/odr\/ \u00a0 Quellennachweise Fotos Innsbruck [&hellip;]<\/p>\n","protected":false},"author":1,"featured_media":0,"parent":0,"menu_order":0,"comment_status":"closed","ping_status":"closed","template":"full-width.php","meta":{"_seopress_robots_primary_cat":"","_seopress_titles_title":"","_seopress_titles_desc":"Verantwortlich f\u00fcr den Inhalt unserer Webseite &quot;Apartments im Herzen von Innsbruck&quot;.","_seopress_robots_index":"","iawp_total_views":216,"footnotes":""},"class_list":["post-8088","page","type-page","status-publish","hentry"],"_links":{"self":[{"href":"https:\/\/apartments-innsbruck.com\/en\/wp-json\/wp\/v2\/pages\/8088","targetHints":{"allow":["GET"]}}],"collection":[{"href":"https:\/\/apartments-innsbruck.com\/en\/wp-json\/wp\/v2\/pages"}],"about":[{"href":"https:\/\/apartments-innsbruck.com\/en\/wp-json\/wp\/v2\/types\/page"}],"author":[{"embeddable":true,"href":"https:\/\/apartments-innsbruck.com\/en\/wp-json\/wp\/v2\/users\/1"}],"replies":[{"embeddable":true,"href":"https:\/\/apartments-innsbruck.com\/en\/wp-json\/wp\/v2\/comments?post=8088"}],"version-history":[{"count":26,"href":"https:\/\/apartments-innsbruck.com\/en\/wp-json\/wp\/v2\/pages\/8088\/revisions"}],"predecessor-version":[{"id":8942,"href":"https:\/\/apartments-innsbruck.com\/en\/wp-json\/wp\/v2\/pages\/8088\/revisions\/8942"}],"wp:attachment":[{"href":"https:\/\/apartments-innsbruck.com\/en\/wp-json\/wp\/v2\/media?parent=8088"}],"curies":[{"name":"wp","href":"https:\/\/api.w.org\/{rel}","templated":true}]}}